{"id":340,"date":"2018-05-17T14:28:51","date_gmt":"2018-05-17T17:28:51","guid":{"rendered":"http:\/\/www.harassh.com.br\/site\/?page_id=340"},"modified":"2020-04-20T14:18:45","modified_gmt":"2020-04-20T17:18:45","slug":"animais-a-venda","status":"publish","type":"page","link":"https:\/\/www.harassh.com.br\/site\/animais-a-venda\/","title":{"rendered":"Animais \u00e0 Venda"},"content":{"rendered":"<h2>\n\t\tAnimais > Animais \u00e0 Venda\n\t<\/h2>\n\t<h3>Para maiores informa\u00e7\u00f5es entre em contato<br \/>\n<strong>(16) 99795-0301\u00a0<\/strong><\/h3>\n<h3>ou preencha o <strong>formul\u00e1rio ao lado.<\/strong><\/h3>\n<p>&nbsp;<\/p>\n","protected":false},"excerpt":{"rendered":"<p>Animais > Animais \u00e0 Venda Para maiores informa\u00e7\u00f5es entre em contato (16) 99795-0301\u00a0 ou preencha o formul\u00e1rio ao lado. &nbsp;<\/p>\n","protected":false},"author":3,"featured_media":0,"parent":0,"menu_order":0,"comment_status":"closed","ping_status":"closed","template":"","meta":{"footnotes":""},"class_list":["post-340","page","type-page","status-publish","hentry"],"_links":{"self":[{"href":"https:\/\/www.harassh.com.br\/site\/wp-json\/wp\/v2\/pages\/340","targetHints":{"allow":["GET"]}}],"collection":[{"href":"https:\/\/www.harassh.com.br\/site\/wp-json\/wp\/v2\/pages"}],"about":[{"href":"https:\/\/www.harassh.com.br\/site\/wp-json\/wp\/v2\/types\/page"}],"author":[{"embeddable":true,"href":"https:\/\/www.harassh.com.br\/site\/wp-json\/wp\/v2\/users\/3"}],"replies":[{"embeddable":true,"href":"https:\/\/www.harassh.com.br\/site\/wp-json\/wp\/v2\/comments?post=340"}],"version-history":[{"count":11,"href":"https:\/\/www.harassh.com.br\/site\/wp-json\/wp\/v2\/pages\/340\/revisions"}],"predecessor-version":[{"id":2953,"href":"https:\/\/www.harassh.com.br\/site\/wp-json\/wp\/v2\/pages\/340\/revisions\/2953"}],"wp:attachment":[{"href":"https:\/\/www.harassh.com.br\/site\/wp-json\/wp\/v2\/media?parent=340"}],"curies":[{"name":"wp","href":"https:\/\/api.w.org\/{rel}","templated":true}]}}