{"id":9,"date":"2018-05-15T10:37:22","date_gmt":"2018-05-15T13:37:22","guid":{"rendered":"http:\/\/www.harassh.com.br\/site\/?page_id=9"},"modified":"2023-06-21T14:57:37","modified_gmt":"2023-06-21T17:57:37","slug":"quem-somos","status":"publish","type":"page","link":"https:\/\/www.harassh.com.br\/site\/quem-somos\/","title":{"rendered":"Quem Somos"},"content":{"rendered":"\n<h2>\n\t\tQuem Somos\n\t<\/h2>\n<h2>\n\t\tCria\u00e7\u00e3o, Vendas e prepara\u00e7\u00e3o de Cavalos  para Hipismo\n\t<\/h2>\n\t<p>Conhe\u00e7a nossa estrutura:<\/p>\n<ul>\n<li>Cocheiras para 28 animais cobertas com telhas sandu\u00edche, piso emborrachado e refrigera\u00e7\u00e3o.<\/li>\n<li>Quartos de sela 05 completos<\/li>\n<li>Uma farm\u00e1cia completa para\u00a0 armazenamento de medicamentos<\/li>\n<li>Lavadores e Secadores de Cavalos totalmente emborrachados.<\/li>\n<li>Picadeiro coberto 62m por 30m, piso de areia com Bidim e manta, irrigado e iluminado.<\/li>\n<li>9 Alqueires todo piquetados de madeira, com cerca el\u00e9trica e totalmente irrigados.<\/li>\n<li>Andador coberto para 6 seis cavalos totalmente automatizado e irrigado<\/li>\n<li>El\u00edptico totalmente irrigado<\/li>\n<li>Piscina para exercitar cavalos 100 metros lineares<\/li>\n<li>Caminh\u00e3o Volkswagen Constellation para transporte 8 cavalos<\/li>\n<li>Manequim para Garanh\u00f5es<\/li>\n<\/ul>\n\t<iframe src=\"https:\/\/www.google.com\/maps\/embed\/v1\/place?q=Haras+Santa+Helena+-+Cravinhos+-+SP&#038;key=AIzaSyD09zQ9PNDNNy9TadMuzRV_UsPUoWKntt8\" aria-hidden=\"true\"><\/iframe>\n\n","protected":false},"excerpt":{"rendered":"<p>Quem Somos Cria\u00e7\u00e3o, Vendas e prepara\u00e7\u00e3o de Cavalos para Hipismo Conhe\u00e7a nossa estrutura: Cocheiras para 28 animais cobertas com telhas sandu\u00edche, piso emborrachado e refrigera\u00e7\u00e3o. Quartos de sela 05 completos Uma farm\u00e1cia completa para\u00a0 armazenamento de medicamentos Lavadores e Secadores de Cavalos totalmente emborrachados. Picadeiro coberto 62m por 30m, piso de areia com Bidim e&hellip;<\/p>\n","protected":false},"author":3,"featured_media":0,"parent":0,"menu_order":0,"comment_status":"closed","ping_status":"closed","template":"","meta":{"footnotes":""},"class_list":["post-9","page","type-page","status-publish","hentry"],"_links":{"self":[{"href":"https:\/\/www.harassh.com.br\/site\/wp-json\/wp\/v2\/pages\/9","targetHints":{"allow":["GET"]}}],"collection":[{"href":"https:\/\/www.harassh.com.br\/site\/wp-json\/wp\/v2\/pages"}],"about":[{"href":"https:\/\/www.harassh.com.br\/site\/wp-json\/wp\/v2\/types\/page"}],"author":[{"embeddable":true,"href":"https:\/\/www.harassh.com.br\/site\/wp-json\/wp\/v2\/users\/3"}],"replies":[{"embeddable":true,"href":"https:\/\/www.harassh.com.br\/site\/wp-json\/wp\/v2\/comments?post=9"}],"version-history":[{"count":24,"href":"https:\/\/www.harassh.com.br\/site\/wp-json\/wp\/v2\/pages\/9\/revisions"}],"predecessor-version":[{"id":5050,"href":"https:\/\/www.harassh.com.br\/site\/wp-json\/wp\/v2\/pages\/9\/revisions\/5050"}],"wp:attachment":[{"href":"https:\/\/www.harassh.com.br\/site\/wp-json\/wp\/v2\/media?parent=9"}],"curies":[{"name":"wp","href":"https:\/\/api.w.org\/{rel}","templated":true}]}}